{"id":2805,"date":"2022-01-19T16:56:07","date_gmt":"2022-01-19T15:56:07","guid":{"rendered":"https:\/\/herbafertil.com\/?page_id=2805"},"modified":"2023-05-03T07:22:35","modified_gmt":"2023-05-03T06:22:35","slug":"urban-forestry-services","status":"publish","type":"page","link":"https:\/\/herbafertil.com\/en\/urban-forestry-services\/","title":{"rendered":"Services"},"content":{"rendered":"<div data-elementor-type=\"wp-post\" data-elementor-id=\"2805\" class=\"elementor elementor-2805\">\n\t\t\t\t\t\t<section class=\"elementor-section elementor-top-section elementor-element elementor-element-3efc614 elementor-section-boxed elementor-section-height-default elementor-section-height-default\" data-id=\"3efc614\" data-element_type=\"section\" data-settings=\"{&quot;background_background&quot;:&quot;classic&quot;}\">\n\t\t\t\t\t\t\t<div class=\"elementor-background-overlay\"><\/div>\n\t\t\t\t\t\t\t<div class=\"elementor-container elementor-column-gap-no\">\n\t\t\t\t\t<div class=\"elementor-column elementor-col-100 elementor-top-column elementor-element elementor-element-11700ba\" data-id=\"11700ba\" data-element_type=\"column\">\n\t\t\t<div class=\"elementor-widget-wrap elementor-element-populated\">\n\t\t\t\t\t\t<div class=\"elementor-element elementor-element-ad4e4b0 elementor-widget elementor-widget-heading\" data-id=\"ad4e4b0\" data-element_type=\"widget\" data-widget_type=\"heading.default\">\n\t\t\t\t<div class=\"elementor-widget-container\">\n\t\t\t\t\t<h1 class=\"elementor-heading-title elementor-size-default\">Services<\/h1>\t\t\t\t<\/div>\n\t\t\t\t<\/div>\n\t\t\t\t\t<\/div>\n\t\t<\/div>\n\t\t\t\t\t<\/div>\n\t\t<\/section>\n\t\t\t\t<section class=\"elementor-section elementor-top-section elementor-element elementor-element-6948267 elementor-section-boxed elementor-section-height-default elementor-section-height-default\" data-id=\"6948267\" data-element_type=\"section\">\n\t\t\t\t\t\t<div class=\"elementor-container elementor-column-gap-no\">\n\t\t\t\t\t<div class=\"elementor-column elementor-col-100 elementor-top-column elementor-element elementor-element-e4a98c1\" data-id=\"e4a98c1\" data-element_type=\"column\">\n\t\t\t<div class=\"elementor-widget-wrap elementor-element-populated\">\n\t\t\t\t\t\t<section class=\"elementor-section elementor-inner-section elementor-element elementor-element-35dff37 elementor-section-boxed elementor-section-height-default elementor-section-height-default\" data-id=\"35dff37\" data-element_type=\"section\">\n\t\t\t\t\t\t<div class=\"elementor-container elementor-column-gap-no\">\n\t\t\t\t\t<div class=\"elementor-column elementor-col-50 elementor-inner-column elementor-element elementor-element-59d5b85\" data-id=\"59d5b85\" data-element_type=\"column\">\n\t\t\t<div class=\"elementor-widget-wrap elementor-element-populated\">\n\t\t\t\t\t\t<div class=\"elementor-element elementor-element-f46094b elementor-widget elementor-widget-heading\" data-id=\"f46094b\" data-element_type=\"widget\" data-widget_type=\"heading.default\">\n\t\t\t\t<div class=\"elementor-widget-container\">\n\t\t\t\t\t<h3 class=\"elementor-heading-title elementor-size-default\">1) For residential (private) users:<\/h3>\t\t\t\t<\/div>\n\t\t\t\t<\/div>\n\t\t\t\t<div class=\"elementor-element elementor-element-b2c7d80 elementor-widget elementor-widget-image\" data-id=\"b2c7d80\" data-element_type=\"widget\" data-widget_type=\"image.default\">\n\t\t\t\t<div class=\"elementor-widget-container\">\n\t\t\t\t\t\t\t\t\t\t\t\t\t\t\t<img fetchpriority=\"high\" decoding=\"async\" width=\"500\" height=\"500\" src=\"https:\/\/herbafertil.com\/wp-content\/uploads\/2022\/01\/zelena-oaza-sandra-paovic.jpg\" class=\"attachment-large size-large wp-image-2605\" alt=\"Ure\u0111enje zelene oaze Sandre Paovi\u0107\" srcset=\"https:\/\/herbafertil.com\/wp-content\/uploads\/2022\/01\/zelena-oaza-sandra-paovic.jpg 500w, https:\/\/herbafertil.com\/wp-content\/uploads\/2022\/01\/zelena-oaza-sandra-paovic-300x300.jpg 300w, https:\/\/herbafertil.com\/wp-content\/uploads\/2022\/01\/zelena-oaza-sandra-paovic-150x150.jpg 150w\" sizes=\"(max-width: 500px) 100vw, 500px\" \/>\t\t\t\t\t\t\t\t\t\t\t\t\t\t\t<\/div>\n\t\t\t\t<\/div>\n\t\t\t\t<div class=\"elementor-element elementor-element-f1b0e45 elementor-widget elementor-widget-image\" data-id=\"f1b0e45\" data-element_type=\"widget\" data-widget_type=\"image.default\">\n\t\t\t\t<div class=\"elementor-widget-container\">\n\t\t\t\t\t\t\t\t\t\t\t\t\t\t\t<img decoding=\"async\" width=\"500\" height=\"500\" src=\"https:\/\/herbafertil.com\/wp-content\/uploads\/2022\/01\/herbafertil-spasavanje.jpg\" class=\"attachment-large size-large wp-image-2606\" alt=\"Spa\u0161avanje stabla uz pomo\u0107 Herbafertila\" srcset=\"https:\/\/herbafertil.com\/wp-content\/uploads\/2022\/01\/herbafertil-spasavanje.jpg 500w, https:\/\/herbafertil.com\/wp-content\/uploads\/2022\/01\/herbafertil-spasavanje-300x300.jpg 300w, https:\/\/herbafertil.com\/wp-content\/uploads\/2022\/01\/herbafertil-spasavanje-150x150.jpg 150w\" sizes=\"(max-width: 500px) 100vw, 500px\" \/>\t\t\t\t\t\t\t\t\t\t\t\t\t\t\t<\/div>\n\t\t\t\t<\/div>\n\t\t\t\t\t<\/div>\n\t\t<\/div>\n\t\t\t\t<div class=\"elementor-column elementor-col-50 elementor-inner-column elementor-element elementor-element-1d7cc88\" data-id=\"1d7cc88\" data-element_type=\"column\">\n\t\t\t<div class=\"elementor-widget-wrap elementor-element-populated\">\n\t\t\t\t\t\t<div class=\"elementor-element elementor-element-ebae750 elementor-widget elementor-widget-text-editor\" data-id=\"ebae750\" data-element_type=\"widget\" data-widget_type=\"text-editor.default\">\n\t\t\t\t<div class=\"elementor-widget-container\">\n\t\t\t\t\t\t\t\t\t<p>\u00a0\u00a0\u00a0\u00a0\u00a0\u00a0\u00a0 1. We go to field consultations at the invitation of the client:<\/p><ul><li>we perform an assessment of the condition of plants in the garden or park<\/li><li>we determine the specific causes of the problem<\/li><li>we find and propose professional ways to solve the problem<\/li><li>we make an offer for the implementation of a solution to the problem and its remediation<\/li><\/ul><ol start=\"2\"><li>We perform professional installation of Herbafertil Recoverytree bags in the root system of a tree or shrub, in the amount needed regarding of the current condition of plant<\/li><li>We perform professional performance of micro-irrigation of tree roots or shrubs via Herbafertil for faster recovery<\/li><li>We perform professional installation of plastic green irrigation bags that are manually filled with water and equipped with microdroplets for faster recovery of tree roots or shrubs<\/li><li>Application of plant growth fertilizer to accelerate root growth and development<\/li><li>We answer and give advice on practical issues of nature and environmental protection, urban forestry, horticultural profession and arboriculture<\/li><li>We prune fruit trees, fertilize fruit trees with natural fertilizers, protect fruit trees from diseases and pests<\/li><li>We prune ornamental trees and shrubs, and we perform fertilization and phytosanitary protection<\/li><li>Natural fertilizers stimulate healthy plant growth and development.<\/li><li>We perform professional felling and pruning of trees that endanger buildings or power lines<\/li><\/ol>\t\t\t\t\t\t\t\t<\/div>\n\t\t\t\t<\/div>\n\t\t\t\t\t<\/div>\n\t\t<\/div>\n\t\t\t\t\t<\/div>\n\t\t<\/section>\n\t\t\t\t<section class=\"elementor-section elementor-inner-section elementor-element elementor-element-0a162b0 elementor-section-boxed elementor-section-height-default elementor-section-height-default\" data-id=\"0a162b0\" data-element_type=\"section\">\n\t\t\t\t\t\t<div class=\"elementor-container elementor-column-gap-no\">\n\t\t\t\t\t<div class=\"elementor-column elementor-col-50 elementor-inner-column elementor-element elementor-element-0d75d3f\" data-id=\"0d75d3f\" data-element_type=\"column\">\n\t\t\t<div class=\"elementor-widget-wrap elementor-element-populated\">\n\t\t\t\t\t\t<div class=\"elementor-element elementor-element-8c4072a elementor-widget elementor-widget-heading\" data-id=\"8c4072a\" data-element_type=\"widget\" data-widget_type=\"heading.default\">\n\t\t\t\t<div class=\"elementor-widget-container\">\n\t\t\t\t\t<h3 class=\"elementor-heading-title elementor-size-default\">2) For communal utility enterprises, hotels and companies:<\/h3>\t\t\t\t<\/div>\n\t\t\t\t<\/div>\n\t\t\t\t<div class=\"elementor-element elementor-element-9aad18e elementor-widget elementor-widget-image\" data-id=\"9aad18e\" data-element_type=\"widget\" data-widget_type=\"image.default\">\n\t\t\t\t<div class=\"elementor-widget-container\">\n\t\t\t\t\t\t\t\t\t\t\t\t\t\t\t<img decoding=\"async\" width=\"500\" height=\"500\" src=\"https:\/\/herbafertil.com\/wp-content\/uploads\/2022\/01\/postavljanje-herbafertila-uredjenje-okucnice.jpg\" class=\"attachment-large size-large wp-image-2608\" alt=\"Spa\u0161avanje palme uz pomo\u0107 Herbafertila\" srcset=\"https:\/\/herbafertil.com\/wp-content\/uploads\/2022\/01\/postavljanje-herbafertila-uredjenje-okucnice.jpg 500w, https:\/\/herbafertil.com\/wp-content\/uploads\/2022\/01\/postavljanje-herbafertila-uredjenje-okucnice-300x300.jpg 300w, https:\/\/herbafertil.com\/wp-content\/uploads\/2022\/01\/postavljanje-herbafertila-uredjenje-okucnice-150x150.jpg 150w\" sizes=\"(max-width: 500px) 100vw, 500px\" \/>\t\t\t\t\t\t\t\t\t\t\t\t\t\t\t<\/div>\n\t\t\t\t<\/div>\n\t\t\t\t\t<\/div>\n\t\t<\/div>\n\t\t\t\t<div class=\"elementor-column elementor-col-50 elementor-inner-column elementor-element elementor-element-a15bbcd\" data-id=\"a15bbcd\" data-element_type=\"column\">\n\t\t\t<div class=\"elementor-widget-wrap elementor-element-populated\">\n\t\t\t\t\t\t<div class=\"elementor-element elementor-element-9bbe959 elementor-widget elementor-widget-text-editor\" data-id=\"9bbe959\" data-element_type=\"widget\" data-widget_type=\"text-editor.default\">\n\t\t\t\t<div class=\"elementor-widget-container\">\n\t\t\t\t\t\t\t\t\t<ol><li><p>We go to the field consultations on the client\u2019s demand<\/p><\/li><\/ol><ul><li>we find and propose professional solutions to solve the problems<\/li><li>we make an offer for the implementation of the proposed solutions<\/li><li>we perform professional installation of the Herbafertil Recoverytree bags in the root system of a tree or shrub, in the amount needed for recovery and fertilization of the plant\u00a0 \u00a0\u00a0\u00a0\u00a0\u00a0\u00a0<\/li><li>irrigation of a tree or shrub roots<\/li><\/ul><ol start=\"2\"><li>We perform professional installation of Herbafertil Recoverytree bags in the root system of a tree or shrub, in the amount needed regarding of the current condition of plant,<\/li><\/ol><ol start=\"3\"><li>We are\u00a0 suppliers of the Herbafertil Recoverytree bags, Herbafertil Reforest bags and Herbafertil Plantastic big bags.<br \/><br \/><\/li><li>We perform professional installation of plastic green irrigation bags that are manually filled with water and equipped with microdroplets for faster recovery of tree roots or shrubs<br \/><br \/><\/li><li>We supply Herbafertila Recoverytree bags, Herbafertila Reforest bags and Herbafertila Plantastic big bags.<\/li><\/ol>\t\t\t\t\t\t\t\t<\/div>\n\t\t\t\t<\/div>\n\t\t\t\t\t<\/div>\n\t\t<\/div>\n\t\t\t\t\t<\/div>\n\t\t<\/section>\n\t\t\t\t\t<\/div>\n\t\t<\/div>\n\t\t\t\t\t<\/div>\n\t\t<\/section>\n\t\t\t\t<section class=\"elementor-section elementor-top-section elementor-element elementor-element-a652692 elementor-section-boxed elementor-section-height-default elementor-section-height-default\" data-id=\"a652692\" data-element_type=\"section\" data-settings=\"{&quot;background_background&quot;:&quot;classic&quot;}\">\n\t\t\t\t\t\t<div class=\"elementor-container elementor-column-gap-no\">\n\t\t\t\t\t<div class=\"elementor-column elementor-col-100 elementor-top-column elementor-element elementor-element-0e4f6a0\" data-id=\"0e4f6a0\" data-element_type=\"column\">\n\t\t\t<div class=\"elementor-widget-wrap elementor-element-populated\">\n\t\t\t\t\t\t<div class=\"elementor-element elementor-element-3243593 elementor-widget elementor-widget-heading\" data-id=\"3243593\" data-element_type=\"widget\" data-widget_type=\"heading.default\">\n\t\t\t\t<div class=\"elementor-widget-container\">\n\t\t\t\t\t<h2 class=\"elementor-heading-title elementor-size-default\">Let it Grow!<\/h2>\t\t\t\t<\/div>\n\t\t\t\t<\/div>\n\t\t\t\t<div class=\"elementor-element elementor-element-f49a9f9 elementor-widget-divider--view-line elementor-widget elementor-widget-divider\" data-id=\"f49a9f9\" data-element_type=\"widget\" data-widget_type=\"divider.default\">\n\t\t\t\t<div class=\"elementor-widget-container\">\n\t\t\t\t\t\t\t<div class=\"elementor-divider\">\n\t\t\t<span class=\"elementor-divider-separator\">\n\t\t\t\t\t\t<\/span>\n\t\t<\/div>\n\t\t\t\t\t\t<\/div>\n\t\t\t\t<\/div>\n\t\t\t\t<div class=\"elementor-element elementor-element-1439f7a elementor-widget elementor-widget-text-editor\" data-id=\"1439f7a\" data-element_type=\"widget\" data-widget_type=\"text-editor.default\">\n\t\t\t\t<div class=\"elementor-widget-container\">\n\t\t\t\t\t\t\t\t\t<div class=\"elementor-text-editor elementor-clearfix\"><div class=\"elementor-text-editor elementor-clearfix\"><h5>Stimulate lusher growth, longer blooming and better plant fertility today!<\/h5><\/div><p>Contact us via the online form below.<\/p><\/div>\t\t\t\t\t\t\t\t<\/div>\n\t\t\t\t<\/div>\n\t\t\t\t<div class=\"elementor-element elementor-element-dd115e7 elementor-tablet-align-left elementor-widget elementor-widget-button\" data-id=\"dd115e7\" data-element_type=\"widget\" data-widget_type=\"button.default\">\n\t\t\t\t<div class=\"elementor-widget-container\">\n\t\t\t\t\t\t\t\t\t<div class=\"elementor-button-wrapper\">\n\t\t\t\t\t<a class=\"elementor-button elementor-button-link elementor-size-sm\" href=\"https:\/\/herbafertil.com\/index.php\/kontakt\/\">\n\t\t\t\t\t\t<span class=\"elementor-button-content-wrapper\">\n\t\t\t\t\t\t\t\t\t<span class=\"elementor-button-text\">Send A Request<\/span>\n\t\t\t\t\t<\/span>\n\t\t\t\t\t<\/a>\n\t\t\t\t<\/div>\n\t\t\t\t\t\t\t\t<\/div>\n\t\t\t\t<\/div>\n\t\t\t\t\t<\/div>\n\t\t<\/div>\n\t\t\t\t\t<\/div>\n\t\t<\/section>\n\t\t\t\t<\/div>","protected":false},"excerpt":{"rendered":"<p>Services 1) For residential (private) users: \u00a0\u00a0\u00a0\u00a0\u00a0\u00a0\u00a0 1. We go to field consultations at the invitation of the client: we perform an assessment of the condition of plants in the garden or park we determine the specific causes of the problem we find and propose professional ways to solve the problem we make an offer [&hellip;]<\/p>","protected":false},"author":1,"featured_media":0,"parent":0,"menu_order":0,"comment_status":"closed","ping_status":"closed","template":"","meta":{"site-sidebar-layout":"no-sidebar","site-content-layout":"page-builder","ast-site-content-layout":"default","site-content-style":"default","site-sidebar-style":"default","ast-global-header-display":"","ast-banner-title-visibility":"","ast-main-header-display":"","ast-hfb-above-header-display":"","ast-hfb-below-header-display":"","ast-hfb-mobile-header-display":"","site-post-title":"disabled","ast-breadcrumbs-content":"","ast-featured-img":"disabled","footer-sml-layout":"","theme-transparent-header-meta":"enabled","adv-header-id-meta":"","stick-header-meta":"","header-above-stick-meta":"","header-main-stick-meta":"","header-below-stick-meta":"","astra-migrate-meta-layouts":"default","ast-page-background-enabled":"default","ast-page-background-meta":{"desktop":{"background-color":"var(--ast-global-color-4)","background-image":"","background-repeat":"repeat","background-position":"center center","background-size":"auto","background-attachment":"scroll","background-type":"","background-media":"","overlay-type":"","overlay-color":"","overlay-opacity":"","overlay-gradient":""},"tablet":{"background-color":"","background-image":"","background-repeat":"repeat","background-position":"center center","background-size":"auto","background-attachment":"scroll","background-type":"","background-media":"","overlay-type":"","overlay-color":"","overlay-opacity":"","overlay-gradient":""},"mobile":{"background-color":"","background-image":"","background-repeat":"repeat","background-position":"center center","background-size":"auto","background-attachment":"scroll","background-type":"","background-media":"","overlay-type":"","overlay-color":"","overlay-opacity":"","overlay-gradient":""}},"ast-content-background-meta":{"desktop":{"background-color":"var(--ast-global-color-5)","background-image":"","background-repeat":"repeat","background-position":"center center","background-size":"auto","background-attachment":"scroll","background-type":"","background-media":"","overlay-type":"","overlay-color":"","overlay-opacity":"","overlay-gradient":""},"tablet":{"background-color":"var(--ast-global-color-5)","background-image":"","background-repeat":"repeat","background-position":"center center","background-size":"auto","background-attachment":"scroll","background-type":"","background-media":"","overlay-type":"","overlay-color":"","overlay-opacity":"","overlay-gradient":""},"mobile":{"background-color":"var(--ast-global-color-5)","background-image":"","background-repeat":"repeat","background-position":"center center","background-size":"auto","background-attachment":"scroll","background-type":"","background-media":"","overlay-type":"","overlay-color":"","overlay-opacity":"","overlay-gradient":""}},"footnotes":""},"class_list":["post-2805","page","type-page","status-publish","hentry"],"yoast_head":"<!-- This site is optimized with the Yoast SEO plugin v26.2 - https:\/\/yoast.com\/wordpress\/plugins\/seo\/ -->\n<title>Advice on practical issues of nature and protection - Urban forestry<\/title>\n<meta name=\"description\" content=\"We answer and give advice on practical issues of nature and environmental protection, urban forestry, horticulture and arboriculture.\" \/>\n<meta name=\"robots\" content=\"index, follow, max-snippet:-1, max-image-preview:large, max-video-preview:-1\" \/>\n<link rel=\"canonical\" href=\"https:\/\/herbafertil.com\/en\/urban-forestry-services\/\" \/>\n<meta property=\"og:locale\" content=\"en_GB\" \/>\n<meta property=\"og:type\" content=\"article\" \/>\n<meta property=\"og:title\" content=\"Herbafertil usluge\" \/>\n<meta property=\"og:description\" content=\"Odgovaramo i dajemo savjete za prakti\u010dna pitanja za\u0161tite prirode i okoli\u0161a, urbanog \u0161umarstva, hortikulturne struke i arborikulture.\" \/>\n<meta property=\"og:url\" content=\"https:\/\/herbafertil.com\/en\/urban-forestry-services\/\" \/>\n<meta property=\"og:site_name\" content=\"Herbafertil\" \/>\n<meta property=\"article:modified_time\" content=\"2023-05-03T06:22:35+00:00\" \/>\n<meta property=\"og:image\" content=\"https:\/\/herbafertil.com\/wp-content\/uploads\/2021\/12\/2.jpg\" \/>\n\t<meta property=\"og:image:width\" content=\"1707\" \/>\n\t<meta property=\"og:image:height\" content=\"1280\" \/>\n\t<meta property=\"og:image:type\" content=\"image\/jpeg\" \/>\n<meta name=\"twitter:card\" content=\"summary_large_image\" \/>\n<meta name=\"twitter:label1\" content=\"Estimated reading time\" \/>\n\t<meta name=\"twitter:data1\" content=\"3 minutes\" \/>\n<script type=\"application\/ld+json\" class=\"yoast-schema-graph\">{\"@context\":\"https:\/\/schema.org\",\"@graph\":[{\"@type\":\"WebPage\",\"@id\":\"https:\/\/herbafertil.com\/en\/urban-forestry-services\/\",\"url\":\"https:\/\/herbafertil.com\/en\/urban-forestry-services\/\",\"name\":\"Advice on practical issues of nature and protection - Urban forestry\",\"isPartOf\":{\"@id\":\"https:\/\/herbafertil.com\/en\/#website\"},\"primaryImageOfPage\":{\"@id\":\"https:\/\/herbafertil.com\/en\/urban-forestry-services\/#primaryimage\"},\"image\":{\"@id\":\"https:\/\/herbafertil.com\/en\/urban-forestry-services\/#primaryimage\"},\"thumbnailUrl\":\"https:\/\/herbafertil.com\/wp-content\/uploads\/2022\/01\/zelena-oaza-sandra-paovic.jpg\",\"datePublished\":\"2022-01-19T15:56:07+00:00\",\"dateModified\":\"2023-05-03T06:22:35+00:00\",\"description\":\"We answer and give advice on practical issues of nature and environmental protection, urban forestry, horticulture and arboriculture.\",\"breadcrumb\":{\"@id\":\"https:\/\/herbafertil.com\/en\/urban-forestry-services\/#breadcrumb\"},\"inLanguage\":\"en-GB\",\"potentialAction\":[{\"@type\":\"ReadAction\",\"target\":[\"https:\/\/herbafertil.com\/en\/urban-forestry-services\/\"]}]},{\"@type\":\"ImageObject\",\"inLanguage\":\"en-GB\",\"@id\":\"https:\/\/herbafertil.com\/en\/urban-forestry-services\/#primaryimage\",\"url\":\"https:\/\/herbafertil.com\/wp-content\/uploads\/2022\/01\/zelena-oaza-sandra-paovic.jpg\",\"contentUrl\":\"https:\/\/herbafertil.com\/wp-content\/uploads\/2022\/01\/zelena-oaza-sandra-paovic.jpg\"},{\"@type\":\"BreadcrumbList\",\"@id\":\"https:\/\/herbafertil.com\/en\/urban-forestry-services\/#breadcrumb\",\"itemListElement\":[{\"@type\":\"ListItem\",\"position\":1,\"name\":\"Home\",\"item\":\"https:\/\/herbafertil.com\/\"},{\"@type\":\"ListItem\",\"position\":2,\"name\":\"Services\"}]},{\"@type\":\"WebSite\",\"@id\":\"https:\/\/herbafertil.com\/en\/#website\",\"url\":\"https:\/\/herbafertil.com\/en\/\",\"name\":\"Herbafertil\",\"description\":\"For lusher and healthier plant growth!\",\"publisher\":{\"@id\":\"https:\/\/herbafertil.com\/en\/#organization\"},\"potentialAction\":[{\"@type\":\"SearchAction\",\"target\":{\"@type\":\"EntryPoint\",\"urlTemplate\":\"https:\/\/herbafertil.com\/en\/?s={search_term_string}\"},\"query-input\":{\"@type\":\"PropertyValueSpecification\",\"valueRequired\":true,\"valueName\":\"search_term_string\"}}],\"inLanguage\":\"en-GB\"},{\"@type\":\"Organization\",\"@id\":\"https:\/\/herbafertil.com\/en\/#organization\",\"name\":\"Herbafertil\",\"url\":\"https:\/\/herbafertil.com\/en\/\",\"logo\":{\"@type\":\"ImageObject\",\"inLanguage\":\"en-GB\",\"@id\":\"https:\/\/herbafertil.com\/en\/#\/schema\/logo\/image\/\",\"url\":\"https:\/\/herbafertil.com\/wp-content\/uploads\/2021\/11\/logo-herbafertil3.png\",\"contentUrl\":\"https:\/\/herbafertil.com\/wp-content\/uploads\/2021\/11\/logo-herbafertil3.png\",\"width\":400,\"height\":167,\"caption\":\"Herbafertil\"},\"image\":{\"@id\":\"https:\/\/herbafertil.com\/en\/#\/schema\/logo\/image\/\"}}]}<\/script>\n<!-- \/ Yoast SEO plugin. -->","yoast_head_json":{"title":"Advice on practical issues of nature and protection - Urban forestry","description":"We answer and give advice on practical issues of nature and environmental protection, urban forestry, horticulture and arboriculture.","robots":{"index":"index","follow":"follow","max-snippet":"max-snippet:-1","max-image-preview":"max-image-preview:large","max-video-preview":"max-video-preview:-1"},"canonical":"https:\/\/herbafertil.com\/en\/urban-forestry-services\/","og_locale":"en_GB","og_type":"article","og_title":"Herbafertil usluge","og_description":"Odgovaramo i dajemo savjete za prakti\u010dna pitanja za\u0161tite prirode i okoli\u0161a, urbanog \u0161umarstva, hortikulturne struke i arborikulture.","og_url":"https:\/\/herbafertil.com\/en\/urban-forestry-services\/","og_site_name":"Herbafertil","article_modified_time":"2023-05-03T06:22:35+00:00","og_image":[{"width":1707,"height":1280,"url":"https:\/\/herbafertil.com\/wp-content\/uploads\/2021\/12\/2.jpg","type":"image\/jpeg"}],"twitter_card":"summary_large_image","twitter_misc":{"Estimated reading time":"3 minutes"},"schema":{"@context":"https:\/\/schema.org","@graph":[{"@type":"WebPage","@id":"https:\/\/herbafertil.com\/en\/urban-forestry-services\/","url":"https:\/\/herbafertil.com\/en\/urban-forestry-services\/","name":"Advice on practical issues of nature and protection - Urban forestry","isPartOf":{"@id":"https:\/\/herbafertil.com\/en\/#website"},"primaryImageOfPage":{"@id":"https:\/\/herbafertil.com\/en\/urban-forestry-services\/#primaryimage"},"image":{"@id":"https:\/\/herbafertil.com\/en\/urban-forestry-services\/#primaryimage"},"thumbnailUrl":"https:\/\/herbafertil.com\/wp-content\/uploads\/2022\/01\/zelena-oaza-sandra-paovic.jpg","datePublished":"2022-01-19T15:56:07+00:00","dateModified":"2023-05-03T06:22:35+00:00","description":"We answer and give advice on practical issues of nature and environmental protection, urban forestry, horticulture and arboriculture.","breadcrumb":{"@id":"https:\/\/herbafertil.com\/en\/urban-forestry-services\/#breadcrumb"},"inLanguage":"en-GB","potentialAction":[{"@type":"ReadAction","target":["https:\/\/herbafertil.com\/en\/urban-forestry-services\/"]}]},{"@type":"ImageObject","inLanguage":"en-GB","@id":"https:\/\/herbafertil.com\/en\/urban-forestry-services\/#primaryimage","url":"https:\/\/herbafertil.com\/wp-content\/uploads\/2022\/01\/zelena-oaza-sandra-paovic.jpg","contentUrl":"https:\/\/herbafertil.com\/wp-content\/uploads\/2022\/01\/zelena-oaza-sandra-paovic.jpg"},{"@type":"BreadcrumbList","@id":"https:\/\/herbafertil.com\/en\/urban-forestry-services\/#breadcrumb","itemListElement":[{"@type":"ListItem","position":1,"name":"Home","item":"https:\/\/herbafertil.com\/"},{"@type":"ListItem","position":2,"name":"Services"}]},{"@type":"WebSite","@id":"https:\/\/herbafertil.com\/en\/#website","url":"https:\/\/herbafertil.com\/en\/","name":"Herbafertil","description":"For lusher and healthier plant growth!","publisher":{"@id":"https:\/\/herbafertil.com\/en\/#organization"},"potentialAction":[{"@type":"SearchAction","target":{"@type":"EntryPoint","urlTemplate":"https:\/\/herbafertil.com\/en\/?s={search_term_string}"},"query-input":{"@type":"PropertyValueSpecification","valueRequired":true,"valueName":"search_term_string"}}],"inLanguage":"en-GB"},{"@type":"Organization","@id":"https:\/\/herbafertil.com\/en\/#organization","name":"Herbafertil","url":"https:\/\/herbafertil.com\/en\/","logo":{"@type":"ImageObject","inLanguage":"en-GB","@id":"https:\/\/herbafertil.com\/en\/#\/schema\/logo\/image\/","url":"https:\/\/herbafertil.com\/wp-content\/uploads\/2021\/11\/logo-herbafertil3.png","contentUrl":"https:\/\/herbafertil.com\/wp-content\/uploads\/2021\/11\/logo-herbafertil3.png","width":400,"height":167,"caption":"Herbafertil"},"image":{"@id":"https:\/\/herbafertil.com\/en\/#\/schema\/logo\/image\/"}}]}},"_links":{"self":[{"href":"https:\/\/herbafertil.com\/en\/wp-json\/wp\/v2\/pages\/2805","targetHints":{"allow":["GET"]}}],"collection":[{"href":"https:\/\/herbafertil.com\/en\/wp-json\/wp\/v2\/pages"}],"about":[{"href":"https:\/\/herbafertil.com\/en\/wp-json\/wp\/v2\/types\/page"}],"author":[{"embeddable":true,"href":"https:\/\/herbafertil.com\/en\/wp-json\/wp\/v2\/users\/1"}],"replies":[{"embeddable":true,"href":"https:\/\/herbafertil.com\/en\/wp-json\/wp\/v2\/comments?post=2805"}],"version-history":[{"count":5,"href":"https:\/\/herbafertil.com\/en\/wp-json\/wp\/v2\/pages\/2805\/revisions"}],"predecessor-version":[{"id":2980,"href":"https:\/\/herbafertil.com\/en\/wp-json\/wp\/v2\/pages\/2805\/revisions\/2980"}],"wp:attachment":[{"href":"https:\/\/herbafertil.com\/en\/wp-json\/wp\/v2\/media?parent=2805"}],"curies":[{"name":"wp","href":"https:\/\/api.w.org\/{rel}","templated":true}]}}