{"id":3335,"date":"2026-02-18T12:36:21","date_gmt":"2026-02-18T11:36:21","guid":{"rendered":"https:\/\/herbafertil.plavipixel.net\/?page_id=3335"},"modified":"2026-04-30T16:51:01","modified_gmt":"2026-04-30T14:51:01","slug":"usluge","status":"publish","type":"page","link":"https:\/\/herbafertil.com\/en\/usluge\/","title":{"rendered":"Services"},"content":{"rendered":"<section id=\"usluge\" class=\"bde-section-3335-100 bde-section\">\n  \n  \n\t\n\n\n\n<div class=\"section-container\"><h1 class=\"bde-heading-3335-101 bde-heading\">\nUsluge\n<\/h1><div class=\"bde-text-3335-177 bde-text\">\nNa\u0161 stru\u010dni tim nudi cjelovita rje\u0161enja za njegu, za\u0161titu i revitalizaciju drve\u0107a i ukrasnog bilja. Odaberite kategoriju korisnika za detaljan pregled na\u0161ih usluga:\n<\/div><\/div>\n<\/section><section class=\"bde-section-3335-150 bde-section\">\n  \n  \n\t\n\n\n\n<div class=\"section-container\"><div class=\"bde-columns-3335-151 bde-columns\"><div class=\"bde-column-3335-152 bde-column\">\n  \n  \n\t\n\n\n\n<div class=\"bde-accordion-3335-153 bde-accordion bde-accordion--bordered\"><div class=\"bde-accordion__content-wrapper-3335-154 bde-accordion__content-wrapper\">\n<h3 class=\"bde-accordion__title-tag\">\n  <button type=\"button\" class=\"bde-accordion__button\" id=\"accordion-button-154\" aria-controls=\"accordion-panel-154\" aria-expanded=\"false\">\n     <span class=\"bde-accordion__title\" >Komunalna i privatna poduze\u0107a, hoteli i javne ustanove<\/span>\n     <span class=\"bde-accordion__icon bde-accordion__icon--default\"><\/span>\n     <span class=\"bde-accordion__icon bde-accordion__icon--active\"><\/span>\n  <\/button>\n<\/h3>\n\n<div role=\"region\" class=\"bde-accordion__panel\" id=\"accordion-panel-154\" aria-labelledby=\"accordion-button-154\">\n    <div class=\"bde-accordion__panel-content\">\n        <div class=\"bde-div-3335-155 bde-div\">\n  \n  \n\t\n\n\n\n<h2 class=\"bde-heading-3335-156 bde-heading\">\n01\n<\/h2><div class=\"bde-rich-text-3335-157 bde-rich-text breakdance-rich-text-styles\">\n<p>Izlazimo na terenske konzultacije po pozivu stranke:<\/p><ul><li>Determiniramo specifi\u010dne uzroke su\u0161enja i slabljenja vitaliteta stabala.<\/li><li>Nalazimo i predla\u017eemo stru\u010dne na\u010dine rje\u0161enja nastalih problema.<\/li><li>Dajemo ponudu za izvedbu rje\u0161enja nastalih problema te njihovu sanaciju.<\/li><\/ul>\n<\/div>\n<\/div><div class=\"bde-fancy-divider-3335-158 bde-fancy-divider\">\n\n\n<div class=\"bde-fancy-divider__wrapper\">\n  <div class=\"bde-fancy-divider__separator   \">\n  \t  <\/div>\n<\/div>\n\n<\/div><div class=\"bde-div-3335-159 bde-div\">\n  \n  \n\t\n\n\n\n<h2 class=\"bde-heading-3335-160 bde-heading\">\n02\n<\/h2><div class=\"bde-rich-text-3335-161 bde-rich-text breakdance-rich-text-styles\">\n<p>Vr\u0161imo stru\u010dnu ugradnja vre\u0107ica Herbafertila Recoverytree u korjenov sustav stabla ili grma, koli\u010dina po potrebi trenutnog stanja.<\/p>\n<\/div>\n<\/div><div class=\"bde-fancy-divider-3335-162 bde-fancy-divider\">\n\n\n<div class=\"bde-fancy-divider__wrapper\">\n  <div class=\"bde-fancy-divider__separator   \">\n  \t  <\/div>\n<\/div>\n\n<\/div><div class=\"bde-div-3335-163 bde-div\">\n  \n  \n\t\n\n\n\n<h2 class=\"bde-heading-3335-164 bde-heading\">\n03\n<\/h2><div class=\"bde-rich-text-3335-165 bde-rich-text breakdance-rich-text-styles\">\n<p>Vr\u0161imo stru\u010dnu izvedbu mikronavodnjavanja korijena stabla ili grma preko Herbafertila Recoverytree radi br\u017eeg oporavka.<\/p>\n<\/div>\n<\/div><div class=\"bde-fancy-divider-3335-166 bde-fancy-divider\">\n\n\n<div class=\"bde-fancy-divider__wrapper\">\n  <div class=\"bde-fancy-divider__separator   \">\n  \t  <\/div>\n<\/div>\n\n<\/div><div class=\"bde-div-3335-167 bde-div\">\n  \n  \n\t\n\n\n\n<h2 class=\"bde-heading-3335-168 bde-heading\">\n04\n<\/h2><div class=\"bde-rich-text-3335-169 bde-rich-text breakdance-rich-text-styles\">\n<p>Izvodimo stru\u010dnu monta\u017eu plasti\u010dnih zelenih vre\u0107a za navodnjavanje koje se ru\u010dno pune sa vodom a opremljene su sa mikrokapaljkama radi br\u017eeg oporavka korijena stabla ili grma.<\/p>\n<\/div>\n<\/div><div class=\"bde-fancy-divider-3335-170 bde-fancy-divider\">\n\n\n<div class=\"bde-fancy-divider__wrapper\">\n  <div class=\"bde-fancy-divider__separator   \">\n  \t  <\/div>\n<\/div>\n\n<\/div><div class=\"bde-div-3335-171 bde-div\">\n  \n  \n\t\n\n\n\n<h2 class=\"bde-heading-3335-172 bde-heading\">\n05\n<\/h2><div class=\"bde-rich-text-3335-173 bde-rich-text breakdance-rich-text-styles\">\n<p>Isporu\u010dujemo po ponudi vre\u0107ice Herbafertila Recoverytree, Herbafertila Reforest te big-bagove Herbafertila Plantastic.<\/p>\n<\/div>\n<\/div><div class=\"bde-fancy-divider-3335-174 bde-fancy-divider\">\n\n\n<div class=\"bde-fancy-divider__wrapper\">\n  <div class=\"bde-fancy-divider__separator   \">\n  \t  <\/div>\n<\/div>\n\n<\/div>\n    <\/div>\n<\/div>\n\n\n\n<\/div>\r\n\r\n<\/div>\n<\/div><div class=\"bde-column-3335-175 bde-column\">\n  \n  \n\t\n\n\n\n<img decoding=\"async\" class=\"bde-image2-3335-176 bde-image2\" src=\"https:\/\/herbafertil.com\/wp-content\/uploads\/2025\/10\/herbafertil-poboljsanje-tla1.jpg\" loading=\"lazy\" srcset=\"https:\/\/herbafertil.com\/wp-content\/uploads\/2025\/10\/herbafertil-poboljsanje-tla1.jpg 500w, https:\/\/herbafertil.com\/wp-content\/uploads\/2025\/10\/herbafertil-poboljsanje-tla1-300x225.jpg 300w\" sizes=\"(max-width: 500px) 100vw, 500px\">\n<\/div><\/div><\/div>\n<\/section><section class=\"bde-section-3335-103 bde-section\">\n  \n  \n\t\n\n\n\n<div class=\"section-container\"><div class=\"bde-columns-3335-104 bde-columns\"><div class=\"bde-column-3335-105 bde-column\">\n  \n  \n\t\n\n\n\n<div class=\"bde-accordion-3335-106 bde-accordion bde-accordion--bordered\"><div class=\"bde-accordion__content-wrapper-3335-107 bde-accordion__content-wrapper\">\n<h3 class=\"bde-accordion__title-tag\">\n  <button type=\"button\" class=\"bde-accordion__button\" id=\"accordion-button-107\" aria-controls=\"accordion-panel-107\" aria-expanded=\"false\">\n     <span class=\"bde-accordion__title\" >Privatni korisnici<\/span>\n     <span class=\"bde-accordion__icon bde-accordion__icon--default\"><\/span>\n     <span class=\"bde-accordion__icon bde-accordion__icon--active\"><\/span>\n  <\/button>\n<\/h3>\n\n<div role=\"region\" class=\"bde-accordion__panel\" id=\"accordion-panel-107\" aria-labelledby=\"accordion-button-107\">\n    <div class=\"bde-accordion__panel-content\">\n        <div class=\"bde-div-3335-108 bde-div\">\n  \n  \n\t\n\n\n\n<h2 class=\"bde-heading-3335-109 bde-heading\">\n01\n<\/h2><div class=\"bde-rich-text-3335-110 bde-rich-text breakdance-rich-text-styles\">\n<p>Izlazimo na terenske konzultacije po pozivu stranke:<\/p><ul><li>Izvodimo procjenu stanja bilja u vrtu ili parku.<\/li><li>Determiniramo specifi\u010dne uzroke nastalog problema.<\/li><li>Nalazimo i predla\u017eemo stru\u010dne na\u010dine rje\u0161enja nastalog problema.<\/li><li>Dajemo ponudu za izvedbu rje\u0161enja nastalog problema te njegovu sanaciju.<\/li><\/ul>\n<\/div>\n<\/div><div class=\"bde-fancy-divider-3335-111 bde-fancy-divider\">\n\n\n<div class=\"bde-fancy-divider__wrapper\">\n  <div class=\"bde-fancy-divider__separator   \">\n  \t  <\/div>\n<\/div>\n\n<\/div><div class=\"bde-div-3335-112 bde-div\">\n  \n  \n\t\n\n\n\n<h2 class=\"bde-heading-3335-113 bde-heading\">\n02\n<\/h2><div class=\"bde-rich-text-3335-114 bde-rich-text breakdance-rich-text-styles\">\n<p>Vr\u0161imo stru\u010dnu ugradnju vre\u0107ica Herbafertila Recoverytree u korjenov sustav stabla ili grma, koli\u010dina po potrebi trenutnog stanja.<\/p>\n<\/div>\n<\/div><div class=\"bde-fancy-divider-3335-115 bde-fancy-divider\">\n\n\n<div class=\"bde-fancy-divider__wrapper\">\n  <div class=\"bde-fancy-divider__separator   \">\n  \t  <\/div>\n<\/div>\n\n<\/div><div class=\"bde-div-3335-116 bde-div\">\n  \n  \n\t\n\n\n\n<h2 class=\"bde-heading-3335-117 bde-heading\">\n03\n<\/h2><div class=\"bde-rich-text-3335-118 bde-rich-text breakdance-rich-text-styles\">\n<p>Vr\u0161imo stru\u010dnu izvedbu mikronavodnjavanja korijena stabla ili grma preko\u00a0Herbafertila radi br\u017eeg oporavka.<\/p>\n<\/div>\n<\/div><div class=\"bde-fancy-divider-3335-119 bde-fancy-divider\">\n\n\n<div class=\"bde-fancy-divider__wrapper\">\n  <div class=\"bde-fancy-divider__separator   \">\n  \t  <\/div>\n<\/div>\n\n<\/div><div class=\"bde-div-3335-120 bde-div\">\n  \n  \n\t\n\n\n\n<h2 class=\"bde-heading-3335-121 bde-heading\">\n04\n<\/h2><div class=\"bde-rich-text-3335-122 bde-rich-text breakdance-rich-text-styles\">\n<p>Izvodimo stru\u010dnu monta\u017eu plasti\u010dnih zelenih vre\u0107a za navodnjavanje koje se ru\u010dno pune sa vodom a opremljene su sa mikrokapaljkama radi\u00a0br\u017eeg oporavka korijena stabla ili grma.<\/p>\n<\/div>\n<\/div><div class=\"bde-fancy-divider-3335-123 bde-fancy-divider\">\n\n\n<div class=\"bde-fancy-divider__wrapper\">\n  <div class=\"bde-fancy-divider__separator   \">\n  \t  <\/div>\n<\/div>\n\n<\/div><div class=\"bde-div-3335-124 bde-div\">\n  \n  \n\t\n\n\n\n<h2 class=\"bde-heading-3335-125 bde-heading\">\n05\n<\/h2><div class=\"bde-rich-text-3335-126 bde-rich-text breakdance-rich-text-styles\">\n<p>Ugradnja gnojiva\u00a0za\u00a0rast biljaka kako bi se ubrzao rast i razvoj korijena.<\/p>\n<\/div>\n<\/div><div class=\"bde-fancy-divider-3335-127 bde-fancy-divider\">\n\n\n<div class=\"bde-fancy-divider__wrapper\">\n  <div class=\"bde-fancy-divider__separator   \">\n  \t  <\/div>\n<\/div>\n\n<\/div><div class=\"bde-div-3335-128 bde-div\">\n  \n  \n\t\n\n\n\n<h2 class=\"bde-heading-3335-129 bde-heading\">\n06\n<\/h2><div class=\"bde-rich-text-3335-130 bde-rich-text breakdance-rich-text-styles\">\n<p>Odgovaramo i dajemo savjete za prakti\u010dna pitanja iz za\u0161tite prirode i okoli\u0161a,\u00a0urbanog \u0161umarstva, hortikulturne struke i arborikulture.<\/p>\n<\/div>\n<\/div><div class=\"bde-fancy-divider-3335-131 bde-fancy-divider\">\n\n\n<div class=\"bde-fancy-divider__wrapper\">\n  <div class=\"bde-fancy-divider__separator   \">\n  \t  <\/div>\n<\/div>\n\n<\/div><div class=\"bde-div-3335-132 bde-div\">\n  \n  \n\t\n\n\n\n<h2 class=\"bde-heading-3335-133 bde-heading\">\n07\n<\/h2><div class=\"bde-rich-text-3335-134 bde-rich-text breakdance-rich-text-styles\">\n<p>Orezujemo vo\u0107ke, vr\u0161imo prihranu vo\u0107aka prirodnim gnojivom, vr\u0161imo za\u0161titu vo\u0107aka od bolesti i \u0161tetnika.<\/p>\n<\/div>\n<\/div><div class=\"bde-fancy-divider-3335-135 bde-fancy-divider\">\n\n\n<div class=\"bde-fancy-divider__wrapper\">\n  <div class=\"bde-fancy-divider__separator   \">\n  \t  <\/div>\n<\/div>\n\n<\/div><div class=\"bde-div-3335-136 bde-div\">\n  \n  \n\t\n\n\n\n<h2 class=\"bde-heading-3335-137 bde-heading\">\n08\n<\/h2><div class=\"bde-rich-text-3335-138 bde-rich-text breakdance-rich-text-styles\">\n<p>Orezujemo ukrasno drve\u0107e i grmove, te vr\u0161imo prignojavanje i fitosanitetsku za\u0161titu.<\/p>\n<\/div>\n<\/div><div class=\"bde-fancy-divider-3335-139 bde-fancy-divider\">\n\n\n<div class=\"bde-fancy-divider__wrapper\">\n  <div class=\"bde-fancy-divider__separator   \">\n  \t  <\/div>\n<\/div>\n\n<\/div><div class=\"bde-div-3335-140 bde-div\">\n  \n  \n\t\n\n\n\n<h2 class=\"bde-heading-3335-141 bde-heading\">\n09\n<\/h2><div class=\"bde-rich-text-3335-142 bde-rich-text breakdance-rich-text-styles\">\n<p>Prirodnim gnojivima\u00a0stimuliramo\u00a0zdravi rast i razvoj biljaka.<\/p>\n<\/div>\n<\/div><div class=\"bde-fancy-divider-3335-143 bde-fancy-divider\">\n\n\n<div class=\"bde-fancy-divider__wrapper\">\n  <div class=\"bde-fancy-divider__separator   \">\n  \t  <\/div>\n<\/div>\n\n<\/div><div class=\"bde-div-3335-144 bde-div\">\n  \n  \n\t\n\n\n\n<h2 class=\"bde-heading-3335-145 bde-heading\">\n10\n<\/h2><div class=\"bde-rich-text-3335-146 bde-rich-text breakdance-rich-text-styles\">\n<p>Izvodimo stru\u010dno ru\u0161enje i orezivanje stabala koja ugro\u017eavaju objekte ili elektri\u010dne vodove.<\/p>\n<\/div>\n<\/div><div class=\"bde-fancy-divider-3335-147 bde-fancy-divider\">\n\n\n<div class=\"bde-fancy-divider__wrapper\">\n  <div class=\"bde-fancy-divider__separator   \">\n  \t  <\/div>\n<\/div>\n\n<\/div>\n    <\/div>\n<\/div>\n\n\n\n<\/div>\r\n\r\n<\/div>\n<\/div><div class=\"bde-column-3335-148 bde-column\">\n  \n  \n\t\n\n\n\n<img decoding=\"async\" class=\"bde-image2-3335-149 bde-image2\" src=\"https:\/\/herbafertil.com\/wp-content\/uploads\/2025\/10\/8.jpg\" loading=\"lazy\" srcset=\"https:\/\/herbafertil.com\/wp-content\/uploads\/2025\/10\/8.jpg 1200w, https:\/\/herbafertil.com\/wp-content\/uploads\/2025\/10\/8-300x300.jpg 300w, https:\/\/herbafertil.com\/wp-content\/uploads\/2025\/10\/8-1024x1024.jpg 1024w, https:\/\/herbafertil.com\/wp-content\/uploads\/2025\/10\/8-150x150.jpg 150w, https:\/\/herbafertil.com\/wp-content\/uploads\/2025\/10\/8-768x768.jpg 768w\" sizes=\"(max-width: 1200px) 100vw, 1200px\">\n<\/div><\/div><\/div>\n<\/section><div class=\"bde-globalblock-3335-178 bde-globalblock\"><section id=\"kontakt\" class=\"bde-section-165-100-165-1 bde-section bde-section-165-100\">\n  \n  \n\t\n\n\n\n<div class=\"section-container\"><div class=\"bde-columns-165-101-165-1 bde-columns bde-columns-165-101\"><div class=\"bde-column-165-102-165-1 bde-column bde-column-165-102\">\n  \n  \n\t\n\n\n\n<img decoding=\"async\" class=\"bde-image2-165-103-165-1 bde-image2 bde-image2-165-103\" src=\"https:\/\/herbafertil.com\/wp-content\/uploads\/2025\/10\/drvo-kontakt-sekcija.webp\" loading=\"lazy\" srcset=\"https:\/\/herbafertil.com\/wp-content\/uploads\/2025\/10\/drvo-kontakt-sekcija.webp 800w, https:\/\/herbafertil.com\/wp-content\/uploads\/2025\/10\/drvo-kontakt-sekcija-292x300.webp 292w, https:\/\/herbafertil.com\/wp-content\/uploads\/2025\/10\/drvo-kontakt-sekcija-768x788.webp 768w\" sizes=\"(max-width: 800px) 100vw, 800px\">\n<\/div><div class=\"bde-column-165-104-165-1 bde-column bde-column-165-104\">\n  \n  \n\t\n\n\n\n<h2 class=\"bde-heading-165-105-165-1 bde-heading bde-heading-165-105\">\nObrazac za upit\n<\/h2><div class=\"bde-rich-text-165-106-165-1 bde-rich-text bde-rich-text-165-106 breakdance-rich-text-styles\">\n<p>Ispunite obrazac i na\u0161 tim \u0107e vam se javiti u najkra\u0107em mogu\u0107em roku.<\/p>\n<\/div><div class=\"bde-shortcode-165-107-165-1 bde-shortcode bde-shortcode-165-107\"><div class='fluentform ff-default fluentform_wrapper_1 ffs_default_wrap'><form data-form_id=\"1\" id=\"fluentform_1\" class=\"frm-fluent-form fluent_form_1 ff-el-form-top ff_form_instance_1_1 ff-form-loading ffs_default\" data-form_instance=\"ff_form_instance_1_1\" method=\"POST\" data-turnstile_key=\"0x4AAAAAADIyNjM_GLeSgvom\" ><fieldset  style=\"border: none!important;margin: 0!important;padding: 0!important;background-color: transparent!important;box-shadow: none!important;outline: none!important; min-inline-size: 100%;\">\n                    <legend class=\"ff_screen_reader_title\" style=\"display: block; margin: 0!important;padding: 0!important;height: 0!important;text-indent: -999999px;width: 0!important;overflow:hidden;\">Kontakt forma<\/legend><input type='hidden' name='__fluent_form_embded_post_id' value='3335' \/><input type=\"hidden\" id=\"_fluentform_1_fluentformnonce\" name=\"_fluentform_1_fluentformnonce\" value=\"7718bed0fe\" \/><input type=\"hidden\" name=\"_wp_http_referer\" value=\"\/en\/wp-json\/wp\/v2\/pages\/3335\" \/><div data-type=\"name-element\" data-name=\"ime_i_prezime\" class=\" ff-field_container ff-name-field-wrapper\" ><div class='ff-t-container'><div class='ff-t-cell '><div class='ff-el-group'><div class=\"ff-el-input--label ff-el-is-required asterisk-right\"><label for='ff_1_ime_i_prezime_first_name_' id='label_ff_1_ime_i_prezime_first_name_' >Ime<\/label><\/div><div class='ff-el-input--content'><input type=\"text\" name=\"ime_i_prezime[first_name]\" id=\"ff_1_ime_i_prezime_first_name_\" class=\"ff-el-form-control\" aria-invalid=\"false\" aria-required=true><\/div><\/div><\/div><div class='ff-t-cell '><div class='ff-el-group'><div class=\"ff-el-input--label ff-el-is-required asterisk-right\"><label for='ff_1_ime_i_prezime_last_name_' id='label_ff_1_ime_i_prezime_last_name_' >Prezime<\/label><\/div><div class='ff-el-input--content'><input type=\"text\" name=\"ime_i_prezime[last_name]\" id=\"ff_1_ime_i_prezime_last_name_\" class=\"ff-el-form-control\" aria-invalid=\"false\" aria-required=true><\/div><\/div><\/div><\/div><\/div><div data-name=\"ff_cn_id_1\"  class='ff-t-container ff-column-container ff_columns_total_2 '><div class='ff-t-cell ff-t-column-1' style='flex-basis: 50%;'><div class='ff-el-group'><div class=\"ff-el-input--label ff-el-is-required asterisk-right\"><label for='ff_1_email' id='label_ff_1_email' aria-label=\"Email\">Email<\/label><\/div><div class='ff-el-input--content'><input type=\"email\" name=\"email\" id=\"ff_1_email\" class=\"ff-el-form-control\" data-name=\"email\"  aria-invalid=\"false\" aria-required=true><\/div><\/div><div class='ff-el-group'><div class=\"ff-el-input--label asterisk-right\"><label for='ff_1_naziv_tvrtke' id='label_ff_1_naziv_tvrtke' aria-label=\"Naziv tvrtke\">Naziv tvrtke<\/label><\/div><div class='ff-el-input--content'><input type=\"text\" name=\"naziv_tvrtke\" class=\"ff-el-form-control\" data-name=\"naziv_tvrtke\" id=\"ff_1_naziv_tvrtke\"  aria-invalid=\"false\" aria-required=false><\/div><\/div><\/div><div class='ff-t-cell ff-t-column-2' style='flex-basis: 50%;'><div class='ff-el-group'><div class=\"ff-el-input--label asterisk-right\"><label for='ff_1_kontakt_broj' id='label_ff_1_kontakt_broj' aria-label=\"Kontakt broj\">Kontakt broj<\/label><\/div><div class='ff-el-input--content'><input type=\"number\" name=\"kontakt_broj\" id=\"ff_1_kontakt_broj\" class=\"ff-el-form-control\" data-name=\"kontakt_broj\" inputmode=\"numeric\" step=\"any\"  aria-invalid=\"false\" aria-required=false><\/div><\/div><div class='ff-el-group'><div class=\"ff-el-input--label asterisk-right\"><label for='ff_1_oib' id='label_ff_1_oib' aria-label=\"OIB\">OIB<\/label><\/div><div class='ff-el-input--content'><input type=\"number\" name=\"oib\" id=\"ff_1_oib\" class=\"ff-el-form-control\" data-name=\"oib\" inputmode=\"numeric\" step=\"any\"  aria-invalid=\"false\" aria-required=false><\/div><\/div><\/div><\/div><div class='ff-el-group'><div class=\"ff-el-input--label ff-el-is-required asterisk-right\"><label for='ff_1_poruka' id='label_ff_1_poruka' aria-label=\"Poruka:\">Poruka:<\/label><\/div><div class='ff-el-input--content'><textarea aria-required=\"true\" aria-labelledby=\"label_ff_1_poruka\" name=\"poruka\" id=\"ff_1_poruka\" class=\"ff-el-form-control\" rows=\"4\" cols=\"2\" data-name=\"poruka\" ><\/textarea><\/div><\/div><div class='ff-el-group    ff-el-input--content'><div class='ff-el-form-check ff-el-tc'><label aria-label='Terms and Conditions: Sla\u017eem se sa GDPR smjernicama i prihva\u0107am kori\u0161tenje mojih podataka unutar ovog obrazca u skladu sa pravilima privatnosti. Contains 1 link. Use tab navigation to review.' class='ff-el-form-check-label ff_tc_label' for=gdpr-agreement_c2ed8f9a53f9d9ab456d53674b477c53><span class='ff_tc_checkbox'><input type=\"checkbox\" name=\"gdpr-agreement\" class=\"ff-el-form-check-input ff_gdpr_field\" data-name=\"gdpr-agreement\" id=\"gdpr-agreement_c2ed8f9a53f9d9ab456d53674b477c53\"  value='on' aria-invalid='false' aria-required=true><\/span> <div class='ff_t_c'>Sla\u017eem se sa GDPR smjernicama i prihva\u0107am kori\u0161tenje mojih podataka unutar ovog obrazca u skladu sa <a href=\"\/pravila-privatnosti\/\">pravilima privatnosti<\/a>.<\/div><\/label><\/div><\/div><div class='ff-el-group ' ><div class='ff-el-input--label'><label>Spam za\u0161tita<\/label><\/div><div class='ff-el-input--content'><div data-fluent_id='1' name='cf-turnstile-response'><div\n\t\tdata-sitekey='0x4AAAAAADIyNjM_GLeSgvom'\n\t\tdata-theme='light'\n\t\tid='fluentform-turnstile-1-1'\n\t\tclass='ff-el-turnstile cf-turnstile'\n\t\tdata-appearance='always'><\/div><\/div><\/div><\/div><div class='ff-el-group ff-text-left ff_submit_btn_wrapper'><button type=\"submit\" class=\"ff-btn ff-btn-submit ff-btn-md ff_btn_style wpf_has_custom_css\"  aria-label=\"Po\u0161aljite upit\">Po\u0161aljite upit<\/button><\/div><\/fieldset><\/form><div id='fluentform_1_errors' class='ff-errors-in-stack ff_form_instance_1_1 ff-form-loading_errors ff_form_instance_1_1_errors'><\/div><\/div>            <script type=\"text\/javascript\">\n                window.fluent_form_ff_form_instance_1_1 = {\"id\":\"1\",\"ajaxUrl\":\"https:\\\/\\\/herbafertil.com\\\/wp-admin\\\/admin-ajax.php\",\"settings\":{\"layout\":{\"labelPlacement\":\"top\",\"helpMessagePlacement\":\"with_label\",\"errorMessagePlacement\":\"inline\",\"cssClassName\":\"\",\"asteriskPlacement\":\"asterisk-right\"},\"restrictions\":{\"denyEmptySubmission\":{\"enabled\":false}}},\"form_instance\":\"ff_form_instance_1_1\",\"form_id_selector\":\"fluentform_1\",\"rules\":{\"ime_i_prezime[first_name]\":{\"required\":{\"value\":true,\"message\":\"Ovo polje je obavezno\",\"global\":true,\"global_message\":\"Ovo polje je obavezno\"}},\"ime_i_prezime[middle_name]\":{\"required\":{\"value\":false,\"message\":\"This field is required\",\"global\":false,\"global_message\":\"Ovo polje je obavezno\"}},\"ime_i_prezime[last_name]\":{\"required\":{\"value\":true,\"message\":\"Ovo polje je obavezno\",\"global\":true,\"global_message\":\"Ovo polje je obavezno\"}},\"email\":{\"required\":{\"value\":true,\"message\":\"Ovo polje je obavezno\",\"global\":true,\"global_message\":\"Ovo polje je obavezno\"},\"email\":{\"value\":true,\"message\":\"Polje mora sadr\\u017eavati valjanu email adresu\",\"global\":true,\"global_message\":\"Polje mora sadr\\u017eavati valjanu email adresu\"}},\"naziv_tvrtke\":{\"required\":{\"value\":false,\"message\":\"Ovo polje je obavezno\",\"global_message\":\"Ovo polje je obavezno\",\"global\":true}},\"kontakt_broj\":{\"required\":{\"value\":false,\"message\":\"Ovo polje je obavezno\",\"global_message\":\"Ovo polje je obavezno\",\"global\":true},\"numeric\":{\"value\":true,\"message\":\"Bolje mora sadr\\u017eavati numeri\\u010dku vrijednost\",\"global_message\":\"Bolje mora sadr\\u017eavati numeri\\u010dku vrijednost\",\"global\":true},\"min\":{\"value\":\"\",\"message\":\"Validation fails for minimum value\",\"global_message\":\"Validation fails for minimum value\",\"global\":true},\"max\":{\"value\":\"\",\"message\":\"Validation fails for maximum value\",\"global_message\":\"Validation fails for maximum value\",\"global\":true},\"digits\":{\"value\":\"\",\"message\":\"Validation fails for limited digits\",\"global_message\":\"Validation fails for limited digits\",\"global\":true}},\"oib\":{\"required\":{\"value\":false,\"message\":\"Ovo polje je obavezno\",\"global_message\":\"Ovo polje je obavezno\",\"global\":true},\"numeric\":{\"value\":true,\"message\":\"Bolje mora sadr\\u017eavati numeri\\u010dku vrijednost\",\"global_message\":\"Bolje mora sadr\\u017eavati numeri\\u010dku vrijednost\",\"global\":true},\"min\":{\"value\":\"\",\"message\":\"Validation fails for minimum value\",\"global_message\":\"Validation fails for minimum value\",\"global\":true},\"max\":{\"value\":\"\",\"message\":\"Validation fails for maximum value\",\"global_message\":\"Validation fails for maximum value\",\"global\":true},\"digits\":{\"value\":\"\",\"message\":\"Validation fails for limited digits\",\"global_message\":\"Validation fails for limited digits\",\"global\":true}},\"poruka\":{\"required\":{\"value\":true,\"message\":\"Ovo polje je obavezno\",\"global\":true,\"global_message\":\"Ovo polje je obavezno\"}},\"gdpr-agreement\":{\"required\":{\"value\":true,\"message\":\"Ovo polje je obavezno\",\"global_message\":\"Ovo polje je obavezno\",\"global\":true}},\"cf-turnstile-response\":[]},\"debounce_time\":300};\n                            <\/script>\n            <\/div>\n<\/div><\/div><\/div>\n<\/section><\/div>","protected":false},"excerpt":{"rendered":"<p>Usluge Na\u0161 stru\u010dni tim nudi cjelovita rje\u0161enja za njegu, za\u0161titu i revitalizaciju drve\u0107a i ukrasnog bilja. Odaberite kategoriju korisnika za detaljan pregled na\u0161ih usluga: Komunalna i privatna poduze\u0107a, hoteli i javne ustanove 01 Izlazimo na terenske konzultacije po pozivu stranke:Determiniramo specifi\u010dne uzroke su\u0161enja i slabljenja vitaliteta stabala.Nalazimo i predla\u017eemo stru\u010dne na\u010dine rje\u0161enja nastalih problema.Dajemo ponudu [&hellip;]<\/p>\n","protected":false},"author":1,"featured_media":0,"parent":0,"menu_order":0,"comment_status":"closed","ping_status":"closed","template":"","meta":{"_acf_changed":false,"_breakdance_hide_in_design_set":false,"_breakdance_tags":"","footnotes":""},"class_list":["post-3335","page","type-page","status-publish","hentry"],"acf":[],"_links":{"self":[{"href":"https:\/\/herbafertil.com\/en\/wp-json\/wp\/v2\/pages\/3335","targetHints":{"allow":["GET"]}}],"collection":[{"href":"https:\/\/herbafertil.com\/en\/wp-json\/wp\/v2\/pages"}],"about":[{"href":"https:\/\/herbafertil.com\/en\/wp-json\/wp\/v2\/types\/page"}],"author":[{"embeddable":true,"href":"https:\/\/herbafertil.com\/en\/wp-json\/wp\/v2\/users\/1"}],"replies":[{"embeddable":true,"href":"https:\/\/herbafertil.com\/en\/wp-json\/wp\/v2\/comments?post=3335"}],"version-history":[{"count":10,"href":"https:\/\/herbafertil.com\/en\/wp-json\/wp\/v2\/pages\/3335\/revisions"}],"predecessor-version":[{"id":3414,"href":"https:\/\/herbafertil.com\/en\/wp-json\/wp\/v2\/pages\/3335\/revisions\/3414"}],"wp:attachment":[{"href":"https:\/\/herbafertil.com\/en\/wp-json\/wp\/v2\/media?parent=3335"}],"curies":[{"name":"wp","href":"https:\/\/api.w.org\/{rel}","templated":true}]}}