{"id":3389,"date":"2026-02-24T15:17:07","date_gmt":"2026-02-24T14:17:07","guid":{"rendered":"https:\/\/herbafertil.plavipixel.net\/?page_id=3389"},"modified":"2026-02-24T15:27:49","modified_gmt":"2026-02-24T14:27:49","slug":"reference","status":"publish","type":"page","link":"https:\/\/herbafertil.com\/en\/reference\/","title":{"rendered":"References"},"content":{"rendered":"<section class=\"bde-section-3389-100 bde-section\">\n  \n  \n\t\n\n\n\n<div class=\"section-container\"><h2 class=\"bde-heading-3389-101 bde-heading\">\nReferences\n<\/h2><div class=\"bde-columns-3389-102 bde-columns\"><div class=\"bde-column-3389-103 bde-column\">\n  \n  \n\t\n\n\n\n<div class=\"bde-image-box-3389-104 bde-image-box bde-image-box-content-padding-only\">\n<div class=\"ee-imagebox-image\">\n  <img loading=\"lazy\" decoding=\"async\" class=\"breakdance-image-object\" src=\"https:\/\/herbafertil.com\/wp-content\/uploads\/2025\/10\/dom-i-vrt.jpg\" width=\"632\" height=\"419\" srcset=\"https:\/\/herbafertil.com\/wp-content\/uploads\/2025\/10\/dom-i-vrt.jpg 632w, https:\/\/herbafertil.com\/wp-content\/uploads\/2025\/10\/dom-i-vrt-300x199.jpg 300w\" sizes=\"auto, (max-width: 632px) 100vw, 632px\">\n<\/div>\n<div class=\"ee-imagebox-content\">\n      <p class=\"ee-imagebox-title bde-h3\" >Article in D&amp;D Vrt magazine<\/p>\n    \n    \n              \n    \n    \n    \n    \n            \n                    \n            \n            \n\n    \n    \n    \n    \n    \n    <a class=\"breakdance-link button-atom button-atom--text ee-imagebox-button\" href=\"\/wp-content\/uploads\/2025\/10\/casopis-herbafertil.pdf\" target=\"_blank\" data-type=\"url\"  >\n\n    \n        <span class=\"button-atom__text\">Read more<\/span>\n\n        \n                    \n    <span class=\"button-atom__icon-wrapper\">\n\n        \n            <svg xmlns=\"http:\/\/www.w3.org\/2000\/svg\" viewbox=\"0 0 512 512\"><!--! Font Awesome Free 6.5.1 by @fontawesome - https:\/\/fontawesome.com License - https:\/\/fontawesome.com\/license\/free (Icons: CC BY 4.0, Fonts: SIL OFL 1.1, Code: MIT License) Copyright 2023 Fonticons, Inc. --><path d=\"M502.6 278.6c12.5-12.5 12.5-32.8 0-45.3l-128-128c-12.5-12.5-32.8-12.5-45.3 0s-12.5 32.8 0 45.3L402.7 224 32 224c-17.7 0-32 14.3-32 32s14.3 32 32 32l370.7 0-73.4 73.4c-12.5 12.5-12.5 32.8 0 45.3s32.8 12.5 45.3 0l128-128z\"\/><\/svg>\n\n        \n    <\/span>\n\n\n        \n                <\/a>\n\n    \n\n  <\/div>\n\n<\/div>\n<\/div><div class=\"bde-column-3389-105 bde-column\">\n  \n  \n\t\n\n\n\n<div class=\"bde-image-box-3389-106 bde-image-box bde-image-box-content-padding-only\">\n<div class=\"ee-imagebox-image\">\n  <img loading=\"lazy\" decoding=\"async\" class=\"breakdance-image-object\" src=\"https:\/\/herbafertil.com\/wp-content\/uploads\/2025\/10\/Clanak-Herbadesign-570x325-1.jpg\" width=\"570\" height=\"325\" srcset=\"https:\/\/herbafertil.com\/wp-content\/uploads\/2025\/10\/Clanak-Herbadesign-570x325-1.jpg 570w, https:\/\/herbafertil.com\/wp-content\/uploads\/2025\/10\/Clanak-Herbadesign-570x325-1-300x171.jpg 300w\" sizes=\"auto, (max-width: 570px) 100vw, 570px\">\n<\/div>\n<div class=\"ee-imagebox-content\">\n      <p class=\"ee-imagebox-title bde-h3\" >30th anniversary of work<\/p>\n    \n      <div class=\"ee-imagebox-text\" >As we celebrate our 30th anniversary this year, we are full of gratitude for the incredible and wonderful journey our family business has been on so far! \ud83d\udc9a <br\/><br\/>Our mission to protect urban trees and forests has been the guiding principle for our innovations in the field of urban forestry, arboriculture and horticulture for 30 years. We are proud to offer technological - green solutions! \ud83d\udc9a<\/div>\n    \n              \n    \n    \n    \n    \n            \n                    \n            \n            \n\n    \n    \n    \n    \n    \n    <a class=\"breakdance-link button-atom button-atom--text ee-imagebox-button\" href=\"https:\/\/herbadesign.com\/wp-content\/uploads\/2024\/01\/Objava-Casopis-Herbadesign.pdf\" target=\"_blank\" data-type=\"url\" rel=\"noopener\">\n\n    \n        <span class=\"button-atom__text\">Read more<\/span>\n\n        \n                    \n    <span class=\"button-atom__icon-wrapper\">\n\n        \n            <svg xmlns=\"http:\/\/www.w3.org\/2000\/svg\" viewbox=\"0 0 512 512\"><!--! Font Awesome Free 6.5.1 by @fontawesome - https:\/\/fontawesome.com License - https:\/\/fontawesome.com\/license\/free (Icons: CC BY 4.0, Fonts: SIL OFL 1.1, Code: MIT License) Copyright 2023 Fonticons, Inc. --><path d=\"M502.6 278.6c12.5-12.5 12.5-32.8 0-45.3l-128-128c-12.5-12.5-32.8-12.5-45.3 0s-12.5 32.8 0 45.3L402.7 224 32 224c-17.7 0-32 14.3-32 32s14.3 32 32 32l370.7 0-73.4 73.4c-12.5 12.5-12.5 32.8 0 45.3s32.8 12.5 45.3 0l128-128z\"\/><\/svg>\n\n        \n    <\/span>\n\n\n        \n                <\/a>\n\n    \n\n  <\/div>\n\n<\/div>\n<\/div><div class=\"bde-column-3389-107 bde-column\">\n  \n  \n\t\n\n\n\n<div class=\"bde-image-box-3389-108 bde-image-box bde-image-box-content-padding-only\">\n<div class=\"ee-imagebox-image\">\n  <img loading=\"lazy\" decoding=\"async\" class=\"breakdance-image-object\" src=\"https:\/\/herbafertil.com\/wp-content\/uploads\/2025\/10\/maks-i-tin.jpg\" width=\"1320\" height=\"880\" srcset=\"https:\/\/herbafertil.com\/wp-content\/uploads\/2025\/10\/maks-i-tin.jpg 1320w, https:\/\/herbafertil.com\/wp-content\/uploads\/2025\/10\/maks-i-tin-300x200.jpg 300w, https:\/\/herbafertil.com\/wp-content\/uploads\/2025\/10\/maks-i-tin-1024x683.jpg 1024w, https:\/\/herbafertil.com\/wp-content\/uploads\/2025\/10\/maks-i-tin-768x512.jpg 768w\" sizes=\"auto, (max-width: 1320px) 100vw, 1320px\">\n<\/div>\n<div class=\"ee-imagebox-content\">\n      <p class=\"ee-imagebox-title bde-h3\" >Bring nature back to life: an initiative to save stressed trees!<\/p>\n    \n      <div class=\"ee-imagebox-text\" >We invite you to join our innovative initiative to save stressed trees! Our technology revitalizes dried plants, restoring their vitality and renewing them into green oases of nature. <br\/><br\/>  Learn more about our process from article 7 per day at the link below.<\/div>\n    \n              \n    \n    \n    \n    \n            \n                    \n            \n            \n\n    \n    \n    \n    \n    \n    <a class=\"breakdance-link button-atom button-atom--text ee-imagebox-button\" href=\"https:\/\/www.dnevno.hr\/7dnevno\/kako-pomoci-stablima-pod-stresom-koja-se-suse-na-ovaj-ce-nacin-ponovno-biti-vitalna-i-zelena-0\/\" target=\"_blank\" data-type=\"url\" rel=\"noopener\">\n\n    \n        <span class=\"button-atom__text\">Read more<\/span>\n\n        \n                    \n    <span class=\"button-atom__icon-wrapper\">\n\n        \n            <svg xmlns=\"http:\/\/www.w3.org\/2000\/svg\" viewbox=\"0 0 512 512\"><!--! Font Awesome Free 6.5.1 by @fontawesome - https:\/\/fontawesome.com License - https:\/\/fontawesome.com\/license\/free (Icons: CC BY 4.0, Fonts: SIL OFL 1.1, Code: MIT License) Copyright 2023 Fonticons, Inc. --><path d=\"M502.6 278.6c12.5-12.5 12.5-32.8 0-45.3l-128-128c-12.5-12.5-32.8-12.5-45.3 0s-12.5 32.8 0 45.3L402.7 224 32 224c-17.7 0-32 14.3-32 32s14.3 32 32 32l370.7 0-73.4 73.4c-12.5 12.5-12.5 32.8 0 45.3s32.8 12.5 45.3 0l128-128z\"\/><\/svg>\n\n        \n    <\/span>\n\n\n        \n                <\/a>\n\n    \n\n  <\/div>\n\n<\/div>\n<\/div><div class=\"bde-column-3389-109 bde-column\">\n  \n  \n\t\n\n\n\n<div class=\"bde-image-box-3389-110 bde-image-box bde-image-box-content-padding-only\">\n<div class=\"ee-imagebox-image\">\n  <img loading=\"lazy\" decoding=\"async\" class=\"breakdance-image-object\" src=\"https:\/\/herbafertil.com\/wp-content\/uploads\/2025\/10\/Izrezak_Lider.png\" width=\"960\" height=\"496\" srcset=\"https:\/\/herbafertil.com\/wp-content\/uploads\/2025\/10\/Izrezak_Lider.png 960w, https:\/\/herbafertil.com\/wp-content\/uploads\/2025\/10\/Izrezak_Lider-300x155.png 300w, https:\/\/herbafertil.com\/wp-content\/uploads\/2025\/10\/Izrezak_Lider-768x397.png 768w\" sizes=\"auto, (max-width: 960px) 100vw, 960px\">\n<\/div>\n<div class=\"ee-imagebox-content\">\n      <p class=\"ee-imagebox-title bde-h3\" >Article in Lider magazine<\/p>\n    \n      <div class=\"ee-imagebox-text\" >Due to climate change, trees in urban areas are becoming sick and drying out. The solution is not just planting new small tree seedlings, because even those become sick and dry out. <br\/><br\/> Find out more in Lider magazine at the link below.<\/div>\n    \n              \n    \n    \n    \n    \n            \n                    \n            \n            \n\n    \n    \n    \n    \n    \n    <a class=\"breakdance-link button-atom button-atom--text ee-imagebox-button\" href=\"\/wp-content\/uploads\/2025\/10\/Izrezak_Lider.png\" target=\"_blank\" data-type=\"url\"  >\n\n    \n        <span class=\"button-atom__text\">Read more<\/span>\n\n        \n                    \n    <span class=\"button-atom__icon-wrapper\">\n\n        \n            <svg xmlns=\"http:\/\/www.w3.org\/2000\/svg\" viewbox=\"0 0 512 512\"><!--! Font Awesome Free 6.5.1 by @fontawesome - https:\/\/fontawesome.com License - https:\/\/fontawesome.com\/license\/free (Icons: CC BY 4.0, Fonts: SIL OFL 1.1, Code: MIT License) Copyright 2023 Fonticons, Inc. --><path d=\"M502.6 278.6c12.5-12.5 12.5-32.8 0-45.3l-128-128c-12.5-12.5-32.8-12.5-45.3 0s-12.5 32.8 0 45.3L402.7 224 32 224c-17.7 0-32 14.3-32 32s14.3 32 32 32l370.7 0-73.4 73.4c-12.5 12.5-12.5 32.8 0 45.3s32.8 12.5 45.3 0l128-128z\"\/><\/svg>\n\n        \n    <\/span>\n\n\n        \n                <\/a>\n\n    \n\n  <\/div>\n\n<\/div>\n<\/div><\/div><\/div>\n<\/section>","protected":false},"excerpt":{"rendered":"<p>Reference \u010clanak u \u010dasopisu D&#038;D Vrt Pro\u010ditaj vi\u0161e 30. godi\u0161njica rada Dok slavimo 30. godi\u0161njicu rada ove godine, puni smo zahvalnosti za nevjerojatno i predivno putovanje koje je do sada na\u0161a obiteljska tvrtka pro\u0161la! \ud83d\udc9a Na\u0161a misija za\u0161tite urbanog drve\u0107a i \u0161uma ve\u0107 je 30 godina vodilja za na\u0161e inovacije u podru\u010dju urbanog \u0161umarstva, arborikulture [&hellip;]<\/p>\n","protected":false},"author":1,"featured_media":0,"parent":0,"menu_order":0,"comment_status":"closed","ping_status":"closed","template":"","meta":{"_acf_changed":false,"_breakdance_hide_in_design_set":false,"_breakdance_tags":"","footnotes":""},"class_list":["post-3389","page","type-page","status-publish","hentry"],"acf":[],"_links":{"self":[{"href":"https:\/\/herbafertil.com\/en\/wp-json\/wp\/v2\/pages\/3389","targetHints":{"allow":["GET"]}}],"collection":[{"href":"https:\/\/herbafertil.com\/en\/wp-json\/wp\/v2\/pages"}],"about":[{"href":"https:\/\/herbafertil.com\/en\/wp-json\/wp\/v2\/types\/page"}],"author":[{"embeddable":true,"href":"https:\/\/herbafertil.com\/en\/wp-json\/wp\/v2\/users\/1"}],"replies":[{"embeddable":true,"href":"https:\/\/herbafertil.com\/en\/wp-json\/wp\/v2\/comments?post=3389"}],"version-history":[{"count":3,"href":"https:\/\/herbafertil.com\/en\/wp-json\/wp\/v2\/pages\/3389\/revisions"}],"predecessor-version":[{"id":3395,"href":"https:\/\/herbafertil.com\/en\/wp-json\/wp\/v2\/pages\/3389\/revisions\/3395"}],"wp:attachment":[{"href":"https:\/\/herbafertil.com\/en\/wp-json\/wp\/v2\/media?parent=3389"}],"curies":[{"name":"wp","href":"https:\/\/api.w.org\/{rel}","templated":true}]}}